{"id":9129,"date":"2016-12-21T09:26:28","date_gmt":"2016-12-21T09:26:28","guid":{"rendered":"http:\/\/www.tanase.md\/home-main\/"},"modified":"2021-02-09T11:38:12","modified_gmt":"2021-02-09T09:38:12","slug":"home-main","status":"publish","type":"page","link":"https:\/\/www.tanase.md\/ru\/","title":{"rendered":"Home Main"},"content":{"rendered":"<style type=\"text\/css\" data-type=\"vc_cmsms_shortcodes-custom-css\"><\/style><p>[vc_row full_width=&#187;stretch_row_content_no_spaces&#187; css=&#187;.vc_custom_1503389528672{margin-top: 0px !important;margin-right: 0px !important;margin-bottom: 0px !important;margin-left: 0px !important;border-top-width: 0px !important;border-right-width: 0px !important;border-bottom-width: 0px !important;border-left-width: 0px !important;padding-top: 0px !important;padding-right: 0px !important;padding-bottom: 0px !important;padding-left: 0px !important;}&#187;][vc_column css=&#187;.vc_custom_1483001620974{margin-top: 0px !important;margin-right: 0px !important;margin-bottom: 0px !important;margin-left: 0px !important;border-top-width: 0px !important;border-right-width: 0px !important;border-bottom-width: 0px !important;border-left-width: 0px !important;padding-top: 0px !important;padding-right: 0px !important;padding-bottom: 0px !important;padding-left: 0px !important;}&#187;][rev_slider_vc alias=&#187;main-home-1&#8243;][\/vc_column][\/vc_row][vc_row full_width=&#187;stretch_row_content_no_spaces&#187; css=&#187;.vc_custom_1504855875503{margin-right: 0px !important;margin-left: 0px !important;border-right-width: 0px !important;border-left-width: 0px !important;padding-top: 0px !important;padding-right: 0px !important;padding-bottom: 0px !important;padding-left: 0px !important;}&#187;][vc_column css=&#187;.vc_custom_1526288857630{padding-top: 20px !important;}&#187; offset=&#187;vc_hidden-xs&#187;][\/vc_column][\/vc_row][vc_row css=&#187;.vc_custom_1526289323800{padding-top: 30px !important;}&#187;][vc_column width=&#187;1\/2&#8243; css=&#187;.vc_custom_1526045444661{padding-top: 0px !important;padding-bottom: 20px !important;}&#187; offset=&#187;vc_col-md-3&#8243;][vc_custom_heading text=&#187;\u0423\u0441\u043b\u0443\u0433\u0438:&#187; font_container=&#187;tag:h2|font_size:23|text_align:left&#187; use_theme_fonts=&#187;yes&#187;][\/vc_column][vc_column width=&#187;1\/2&#8243; css=&#187;.vc_custom_1526045450511{padding-top: 0px !important;padding-bottom: 20px !important;}&#187; offset=&#187;vc_col-md-3&#8243;][cmsms_icon_box icon=&#187;Theme-Default-Icons-international-law&#187; uniqid=&#187;cmsms_shcd_60180afb7e2724_38479637&#8243; custom_typography=&#187;true&#187; box_settings=&#187;true&#187; title=&#187;\u041e\u0431\u0449\u0430\u044f \u044e\u0440\u0438\u0434\u0438\u0447\u0435\u0441\u043a\u0430\u044f \u043a\u043e\u043d\u0441\u0443\u043b\u044c\u0442\u0430\u0446\u0438\u044f&#187; icon_color=&#187;#c93126&#8243; box_bg_color=&#187;rgba(255,255,255,0.01)&#187; icon_size=&#187;42&#8243; icon_bg_color=&#187;rgba(255,255,255,0.01)&#187; icon_bd_color=&#187;rgba(0,0,0,0.01)&#187; icon_padding=&#187;0&#8243; icon_border=&#187;0&#8243; icon_gap=&#187;20&#8243; css=&#187;.vc_custom_1612188469835{padding-bottom: 0px !important;}&#187; title_font_size=&#187;20&#8243; icon_bd_radius=&#187;0&#8243; link=&#187;url:http%3A%2F%2Fwww.tanase.md%2Fru%2Fproject%2Fconsultanta-juridica-generala%2F|||&#187;][vc_column_text css=&#187;.vc_custom_1606561796586{margin-top: -20px !important;}&#187;]<strong>\u00abT\u0103nase &amp; Partenerii\u00bb<\/strong> \u043f\u0440\u0435\u0434\u043e\u0441\u0442\u0430\u0432\u043b\u044f\u0435\u0442 \u043a\u043e\u043d\u0441\u0443\u043b\u044c\u0442\u0430\u0446\u0438\u044e, \u043e\u0440\u0438\u0435\u043d\u0442\u0438\u0440\u043e\u0432\u0430\u043d\u043d\u0443\u044e \u043d\u0435 \u0442\u043e\u043b\u044c\u043a\u043e \u043d\u0430 \u044e\u0440\u0438\u0434\u0438\u0447\u0435\u0441\u043a\u0438\u0435 \u0430\u0441\u043f\u0435\u043a\u0442\u044b, \u043d\u043e \u0438 \u043d\u0430 \u0441\u0442\u0440\u0430\u0442\u0435\u0433\u0438\u0447\u0435\u0441\u043a\u0438\u0435 \u0438 \u043a\u043e\u043c\u0435\u0440\u0447\u0435\u0441\u043a\u0438\u0435[\/vc_column_text][\/vc_column][vc_column width=&#187;1\/2&#8243; css=&#187;.vc_custom_1526045456019{padding-top: 0px !important;padding-bottom: 20px !important;}&#187; offset=&#187;vc_col-md-3&#8243;][cmsms_icon_box icon=&#187;Theme-Default-Icons-practice-areas&#187; uniqid=&#187;cmsms_shcd_60180b8323ad33_12275109&#8243; custom_typography=&#187;true&#187; box_settings=&#187;true&#187; title=&#187;\u0417\u0430\u0449\u0438\u0442\u0430 \u043f\u0435\u0440\u0441\u043e\u043d\u0430\u043b\u044c\u043d\u044b\u0445 \u0434\u0430\u043d\u043d\u044b\u0445\/GDPR&#187; icon_color=&#187;#c93126&#8243; box_bg_color=&#187;rgba(255,255,255,0.01)&#187; icon_size=&#187;42&#8243; icon_bg_color=&#187;rgba(255,255,255,0.01)&#187; icon_bd_color=&#187;rgba(0,0,0,0.01)&#187; icon_padding=&#187;0&#8243; icon_border=&#187;0&#8243; icon_gap=&#187;20&#8243; css=&#187;.vc_custom_1612188577472{padding-bottom: 0px !important;}&#187; title_font_size=&#187;20&#8243; icon_bd_radius=&#187;0&#8243; link=&#187;url:http%3A%2F%2Fwww.tanase.md%2Fru%2Fproject%2Fgdpr%2F|||&#187;][vc_column_text css=&#187;.vc_custom_1606562368588{margin-top: -20px !important;}&#187;]<strong>\u00abT\u0103nase &amp; Partenerii\u00bb<\/strong> \u043f\u0440\u0435\u0434\u043b\u0430\u0433\u0430\u0435\u0442 \u043f\u043e\u043b\u043d\u044b\u0439 \u0441\u043f\u0435\u043a\u0442\u0440 \u044e\u0440\u0438\u0434\u0438\u0447\u0435\u0441\u043a\u0438\u0445 \u0443\u0441\u043b\u0443\u0433 \u0432 \u043e\u0431\u043b\u0430\u0441\u0442\u0438 \u0437\u0430\u0449\u0438\u0442\u044b \u043f\u0435\u0440\u0441\u043e\u043d\u0430\u043b\u044c\u043d\u044b\u0445 \u0434\u0430\u043d\u043d\u044b\u0445 \/ GDPR[\/vc_column_text][\/vc_column][vc_column width=&#187;1\/2&#8243; css=&#187;.vc_custom_1526045463192{padding-top: 0px !important;padding-bottom: 20px !important;}&#187; offset=&#187;vc_col-md-3&#8243;][cmsms_icon_box icon=&#187;Theme-Default-Icons-lawyer&#187; uniqid=&#187;cmsms_shcd_60180babb2f5e9_97151589&#8243; custom_typography=&#187;true&#187; box_settings=&#187;true&#187; title=&#187;\u041a\u043e\u0440\u043f\u043e\u0440\u0430\u0442\u0438\u0432\u043d\u043e\u0435 \u043f\u0440\u0430\u0432\u043e&#187; icon_color=&#187;#c93126&#8243; box_bg_color=&#187;rgba(255,255,255,0.01)&#187; icon_size=&#187;42&#8243; icon_bg_color=&#187;rgba(255,255,255,0.01)&#187; icon_bd_color=&#187;rgba(0,0,0,0.01)&#187; icon_padding=&#187;0&#8243; icon_border=&#187;0&#8243; icon_gap=&#187;20&#8243; css=&#187;.vc_custom_1612188620987{padding-bottom: 0px !important;}&#187; title_font_size=&#187;20&#8243; icon_bd_radius=&#187;0&#8243; link=&#187;url:http%3A%2F%2Fwww.tanase.md%2Fru%2Fproject%2Fdrept-corporativ%2F|||&#187;][vc_column_text css=&#187;.vc_custom_1606562055969{margin-top: -20px !important;}&#187;]<strong>\u00abT\u0103nase &amp; Partnerii\u00bb<\/strong> \u043f\u0440\u0435\u0434\u043b\u0430\u0433\u0430\u0435\u0442 \u0448\u0438\u0440\u043e\u043a\u0438\u0439 \u0441\u043f\u0435\u043a\u0442\u0440 \u044e\u0440\u0438\u0434\u0438\u0447\u0435\u0441\u043a\u0438\u0445 \u043a\u043e\u043d\u0441\u0430\u043b\u0442\u0438\u043d\u0433\u043e\u0432\u044b\u0445 \u0443\u0441\u043b\u0443\u0433 \u0432 \u043e\u0431\u043b\u0430\u0441\u0442\u0438 \u043c\u043e\u043b\u0434\u0430\u0432\u0441\u043a\u043e\u0433\u043e \u0438 \u043c\u0435\u0436\u0434\u0443\u043d\u0430\u0440\u043e\u0434\u043d\u043e\u0433\u043e \u043a\u043e\u0440\u043f\u043e\u0440\u0430\u0442\u0438\u0432\u043d\u043e\u0433\u043e \u043f\u0440\u0430\u0432\u0430[\/vc_column_text][\/vc_column][\/vc_row][vc_row][vc_column width=&#187;1\/4&#8243; css=&#187;.vc_custom_1526045471063{padding-top: 0px !important;padding-bottom: 20px !important;}&#187; offset=&#187;vc_col-md-3&#8243;][cmsms_icon_box icon=&#187;Theme-Default-Icons-divorce-agreement&#187; uniqid=&#187;cmsms_shcd_60180bd3576af9_10973276&#8243; custom_typography=&#187;true&#187; box_settings=&#187;true&#187; title=&#187;\u0421\u0435\u043c\u0435\u0439\u043d\u043e\u0435 \u043f\u0440\u0430\u0432\u043e&#187; icon_color=&#187;#c93126&#8243; box_bg_color=&#187;rgba(255,255,255,0.01)&#187; icon_size=&#187;42&#8243; icon_bg_color=&#187;rgba(255,255,255,0.01)&#187; icon_bd_color=&#187;rgba(0,0,0,0.01)&#187; icon_padding=&#187;0&#8243; icon_border=&#187;0&#8243; icon_gap=&#187;20&#8243; css=&#187;.vc_custom_1612188651892{padding-bottom: 0px !important;}&#187; title_font_size=&#187;20&#8243; icon_bd_radius=&#187;0&#8243; link=&#187;url:http%3A%2F%2Fwww.tanase.md%2Fru%2Fproject%2Fdreptul-familiei%2F|||&#187;][vc_column_text css=&#187;.vc_custom_1606562359300{margin-top: -20px !important;}&#187;]<strong>T\u0103nase &amp; Partenerii\u00bb<\/strong> \u043f\u0440\u0435\u0434\u043b\u0430\u0433\u0430\u0435\u0442 \u0441\u0432\u043e\u0438\u043c \u043a\u043b\u0438\u0435\u043d\u0442\u0430\u043c \u0432 \u043f\u0435\u0440\u0432\u0443\u044e \u043e\u0447\u0435\u0440\u0435\u0434\u044c \u0443\u0441\u043b\u0443\u0433\u0438 \u043f\u043e\u0441\u0440\u0435\u0434\u043d\u0438\u0447\u0435\u0441\u0442\u0432\u0430 \u043f\u043e \u043c\u0438\u0440\u043d\u043e\u043c\u0443 \u0443\u0440\u0435\u0433\u0443\u043b\u0438\u0440\u043e\u0432\u0430\u043d\u0438\u044e \u0441\u043f\u043e\u0440\u0430[\/vc_column_text][\/vc_column][vc_column width=&#187;1\/4&#8243; css=&#187;.vc_custom_1526045477041{padding-top: 0px !important;padding-bottom: 20px !important;}&#187; offset=&#187;vc_col-md-3&#8243;][cmsms_icon_box icon=&#187;Theme-Default-Icons-civil-rights&#187; uniqid=&#187;cmsms_shcd_60180bff9af693_62220825&#8243; custom_typography=&#187;true&#187; box_settings=&#187;true&#187; title=&#187;\u0410\u0434\u043c\u0438\u043d\u0438\u0441\u0442\u0440\u0430\u0442\u0438\u0432\u043d\u043e\u0435 \u043f\u0440\u0430\u0432\u043e&#187; icon_color=&#187;#c93126&#8243; box_bg_color=&#187;rgba(255,255,255,0.01)&#187; icon_size=&#187;42&#8243; icon_bg_color=&#187;rgba(255,255,255,0.01)&#187; icon_bd_color=&#187;rgba(0,0,0,0.01)&#187; icon_padding=&#187;0&#8243; icon_border=&#187;0&#8243; icon_gap=&#187;20&#8243; css=&#187;.vc_custom_1612188718778{padding-bottom: 0px !important;}&#187; title_font_size=&#187;20&#8243; icon_bd_radius=&#187;0&#8243; link=&#187;url:http%3A%2F%2Fwww.tanase.md%2Fru%2Fproject%2Fdrept-administrativ%2F|||&#187;][vc_column_text css=&#187;.vc_custom_1606562351250{margin-top: -20px !important;}&#187;]\u041d\u0430\u0448\u0430 \u043a\u043e\u043c\u0430\u043d\u0434\u0430 \u043f\u0440\u0435\u0434\u043e\u0441\u0442\u0430\u0432\u043b\u044f\u0435\u0442 \u0432\u044b\u0441\u043e\u043a\u043e\u043a\u0432\u0430\u043b\u0438\u0444\u0438\u0446\u0438\u0440\u043e\u0432\u0430\u043d\u043d\u0443\u044e \u044e\u0440\u0438\u0434\u0438\u0447\u0435\u0441\u043a\u0443\u044e \u043f\u043e\u043c\u043e\u0449\u044c \u0438 \u043f\u0440\u0435\u0434\u0441\u0442\u0430\u0432\u0438\u0442\u0435\u043b\u044c\u0441\u0442\u0432\u043e \u0432 \u0433\u043e\u0441\u0443\u0434\u0430\u0440\u0441\u0442\u0432\u0435\u043d\u043d\u044b\u0445 \u043e\u0440\u0433\u0430\u043d\u0430\u0445 \u043f\u043e \u0430\u0434\u043c\u0438\u043d\u0438\u0441\u0442\u0440\u0430\u0442\u0438\u0432\u043d\u044b\u043c \u043f\u0440\u043e\u0446\u0435\u0434\u0443\u0440\u0430\u043c[\/vc_column_text][\/vc_column][vc_column width=&#187;1\/4&#8243; css=&#187;.vc_custom_1526045491828{padding-top: 0px !important;padding-bottom: 20px !important;}&#187; offset=&#187;vc_col-md-3&#8243;][cmsms_icon_box icon=&#187;Theme-Default-Icons-corporate-law&#187; uniqid=&#187;cmsms_shcd_60180c38a99b46_20808171&#8243; custom_typography=&#187;true&#187; box_settings=&#187;true&#187; title=&#187;\u0415\u0421\u041f\u0427&#187; icon_color=&#187;#c93126&#8243; box_bg_color=&#187;rgba(255,255,255,0.01)&#187; icon_size=&#187;42&#8243; icon_bg_color=&#187;rgba(255,255,255,0.01)&#187; icon_bd_color=&#187;rgba(0,0,0,0.01)&#187; icon_padding=&#187;0&#8243; icon_border=&#187;0&#8243; icon_gap=&#187;20&#8243; css=&#187;.vc_custom_1612188764096{padding-bottom: 0px !important;}&#187; title_font_size=&#187;20&#8243; icon_bd_radius=&#187;0&#8243; link=&#187;url:http%3A%2F%2Fwww.tanase.md%2Fru%2Fproject%2Fcedo-2%2F|||&#187;][vc_column_text css=&#187;.vc_custom_1606562501300{margin-top: -20px !important;}&#187;]\u041c\u044b \u043f\u0440\u0435\u0434\u043e\u0441\u0442\u0430\u0432\u043b\u044f\u0435\u043c \u044e\u0440\u0438\u0434\u0438\u0447\u0435\u0441\u043a\u0443\u044e \u043f\u043e\u043c\u043e\u0449\u044c \u043d\u0430 \u043f\u0440\u043e\u0442\u044f\u0436\u0435\u043d\u0438\u0438 \u0432\u0441\u0435\u0433\u043e \u043f\u0440\u043e\u0446\u0435\u0441\u0441\u0430 \u0432 \u0415\u0432\u0440\u043e\u043f\u0435\u0439\u0441\u043a\u043e\u043c \u0441\u0443\u0434\u0435 \u043f\u043e \u043f\u0440\u0430\u0432\u0430\u043c \u0447\u0435\u043b\u043e\u0432\u0435\u043a\u0430, \u043a\u0430\u043a \u0434\u043b\u044f \u0441\u043e\u0441\u0442\u0430\u0432\u043b\u0435\u043d\u0438\u044f \u043d\u0435\u043e\u0431\u0445\u043e\u0434\u0438\u043c\u044b\u0445 \u0434\u043e\u043a\u0443\u043c\u0435\u043d\u0442\u043e\u0432, \u0442\u0430\u043a \u0438 \u0434\u043b\u044f \u043f\u0440\u043e\u0432\u0435\u0434\u0435\u043d\u0438\u044f \u0443\u0441\u0442\u043d\u044b\u0445 \u0441\u043b\u0443\u0448\u0430\u043d\u0438\u0439[\/vc_column_text][\/vc_column][vc_column width=&#187;1\/4&#8243;][cmsms_icon_box icon=&#187;Theme-Default-Icons-constitutional-law&#187; uniqid=&#187;cmsms_shcd_60218534c01231_25130420&#8243; custom_typography=&#187;true&#187; box_settings=&#187;true&#187; title=&#187;\u041a\u043e\u043d\u0441\u0442\u0438\u0442\u0443\u0446\u0438\u043e\u043d\u043d\u044b\u0439 \u0441\u0443\u0434\u0435\u0431\u043d\u044b\u0439 \u043f\u0440\u043e\u0446\u0435\u0441\u0441&#187; icon_color=&#187;#c93126&#8243; box_bg_color=&#187;rgba(255,255,255,0.01)&#187; icon_size=&#187;42&#8243; icon_bg_color=&#187;rgba(255,255,255,0.01)&#187; icon_bd_color=&#187;rgba(0,0,0,0.01)&#187; icon_padding=&#187;0&#8243; icon_border=&#187;0&#8243; icon_gap=&#187;20&#8243; css=&#187;.vc_custom_1612809591130{padding-bottom: 0px !important;}&#187; title_font_size=&#187;20&#8243; icon_bd_radius=&#187;0&#8243; link=&#187;url:http%3A%2F%2Fwww.tanase.md%2Fru%2Fproject%2Fcontencios-constitutional%2F|||&#187;][vc_column_text css=&#187;.vc_custom_1612809608084{margin-top: -20px !important;}&#187;]\u00abT\u0103nase &amp; Partnerii\u00bb \u043e\u0431\u0435\u0441\u043f\u0435\u0447\u0438\u0432\u0430\u0435\u0442 \u044e\u0440\u0438\u0434\u0438\u0447\u0435\u0441\u043a\u0443\u044e \u043a\u043e\u043d\u0441\u0443\u043b\u044c\u0442\u0430\u0446\u0438\u044e \u0438 \u043f\u043e\u043c\u043e\u0449\u044c \u0432 \u0441\u043b\u0443\u0447\u0430\u0435 \u0441\u043e\u043c\u043d\u0435\u043d\u0438\u0439 \u043e\u0442\u043d\u043e\u0441\u0438\u0442\u0435\u043b\u044c\u043d\u043e \u043a\u043e\u043d\u0441\u0442\u0438\u0442\u0443\u0446\u0438\u043e\u043d\u043d\u043e\u0441\u0442\u0438 \u0437\u0430\u043a\u043e\u043d\u043e\u0432[\/vc_column_text][\/vc_column][\/vc_row][vc_row full_width=&#187;stretch_row_content_no_spaces&#187; css=&#187;.vc_custom_1504794745598{margin-right: 0px !important;margin-left: 0px !important;border-right-width: 0px !important;border-left-width: 0px !important;padding-top: 0px !important;padding-right: 0px !important;padding-bottom: 0px !important;padding-left: 0px !important;}&#187;][vc_column css=&#187;.vc_custom_1526289732566{margin-right: 0px !important;margin-left: 0px !important;border-right-width: 0px !important;border-left-width: 0px !important;padding-top: 50px !important;padding-right: 0px !important;padding-bottom: 0px !important;padding-left: 0px !important;}&#187; offset=&#187;vc_hidden-xs&#187;][\/vc_column][\/vc_row][vc_row css=&#187;.vc_custom_1516806848364{padding-top: 40px !important;padding-bottom: 30px !important;}&#187;][vc_column width=&#187;1\/2&#8243; offset=&#187;vc_col-md-3&#8243;][vc_custom_heading text=&#187;\u0410\u0434\u0432\u043e\u043a\u0430\u0442\u044b:&#187; font_container=&#187;tag:h2|font_size:23|text_align:left&#187; use_theme_fonts=&#187;yes&#187;][vc_column_text css=&#187;.vc_custom_1606562810722{margin-top: -10px !important;}&#187;]Suntem cunoscu\u0163i publicului larg pentru pledoariile din instan\u0163\u0103, profesionalismul \u015fi detaliile din documentele scrise \u015fi pentru discre\u0163ia, confiden\u0163ialitatea \u015fi respectul pe care \u00eel purt\u0103m clien\u0163ilor no\u015ftri.<\/p>\n<ul>\n<li><strong>\u041e\u0431\u0449\u0430\u044f \u044e\u0440\u0438\u0434\u0438\u0447\u0435\u0441\u043a\u0430\u044f \u043a\u043e\u043d\u0441\u0443\u043b\u044c\u0442\u0430\u0446\u0438\u044f<\/strong><\/li>\n<li><strong>\u0417\u0430\u0449\u0438\u0442\u0430 \u043f\u0435\u0440\u0441\u043e\u043d\u0430\u043b\u044c\u043d\u044b\u0445 \u0434\u0430\u043d\u043d\u044b\u0445<\/strong><\/li>\n<li><strong>\u0418\u043d\u0442\u0435\u043b\u043b\u0435\u043a\u0442\u0443\u0430\u043b\u044c\u043d\u0430\u044f \u0441\u043e\u0431\u0441\u0442\u0432\u0435\u043d\u043d\u043e\u0441\u0442\u044c \u0438 \u0418\u043d\u0444\u043e\u0440\u043c\u0430\u0446\u0438\u043e\u043d\u043d\u044b\u0435 \u0442\u0435\u0445\u043d\u043e\u043b\u043e\u0433\u0438\u0438<\/strong><\/li>\n<li><strong>\u0415\u0421\u041f\u0427<\/strong><\/li>\n<li><strong>\u041f\u0440\u0430\u0432\u0430 \u043f\u043e\u0442\u0440\u0435\u0431\u0438\u0442\u0435\u043b\u0435\u0439<\/strong><\/li>\n<li><strong>\u0421\u0435\u043c\u0435\u0439\u043d\u043e\u0435 \u043f\u0440\u0430\u0432\u043e<\/strong><\/li>\n<li><strong>\u0422\u0440\u0443\u0434\u043e\u0443\u0441\u0442\u0440\u043e\u0439\u0441\u0442\u0432\u043e \u0438 \u0442\u0440\u0443\u0434\u043e\u0432\u043e\u0435 \u043f\u0440\u0430\u0432\u043e<\/strong><\/li>\n<\/ul>\n<p>[\/vc_column_text][cmsms_button text=&#187;\u041f\u043e\u0434\u0440\u043e\u0431\u043d\u0435\u0435&#187; style=&#187;clean&#187; alignment=&#187;left&#187; icon_alignment=&#187;right&#187; uniqid=&#187;cmsms_shcd_5fc2409f92f8b5_07116919&#8243; text_settings=&#187;true&#187; add_icon=&#187;true&#187; icon=&#187;Theme-Default-Icons-arrow-small-right&#187; text_font_size=&#187;12&#8243; icon_size=&#187;20&#8243; icon_gap=&#187;2&#8243; link=&#187;url:http%3A%2F%2Fwww.tanase.md%2Favocati%2F|||&#187;][\/vc_column][vc_column width=&#187;1\/2&#8243; offset=&#187;vc_col-md-3&#8243;][cmsms_profile uniqid=&#187;cmsms_shcd_5fc35a3060e805_49149921&#8243; image=&#187;8811&#8243; title=&#187;\u0422\u044d\u043d\u0430\u0441\u0435 \u0410\u043b\u0435\u043a\u0441\u0430\u043d\u0434\u0440\u0443&#187; subtitle=&#187;\u041e\u0421\u041d\u041e\u0412\u0410\u0422\u0415\u041b\u042c \u0411\u042e\u0420\u041e&#187; text=&#187;\u0418\u043c\u0435\u0435\u0442 \u0431\u043e\u043b\u0435\u0435 25 \u043b\u0435\u0442 \u043f\u0440\u043e\u0444\u0435\u0441\u0441\u0438\u043e\u043d\u0430\u043b\u044c\u043d\u043e\u0433\u043e \u044e\u0440\u0438\u0434\u0438\u0447\u0435\u0441\u043a\u043e\u0433\u043e \u043e\u043f\u044b\u0442\u0430 \u0432 \u0441\u0444\u0435\u0440\u0435 \u043f\u0440\u0430\u0432\u043e\u0441\u0443\u0434\u0438\u044f \u0438 \u0433\u043e\u0441\u0443\u0434\u0430\u0440\u0441\u0442\u0432\u0435\u043d\u043d\u043e\u0433\u043e \u0443\u043f\u0440\u0430\u0432\u043b\u0435\u043d\u0438\u044f, \u0438\u0437 \u043a\u043e\u0442\u043e\u0440\u044b\u0445 \u0431\u043e\u043b\u0435\u0435 15 \u043b\u0435\u0442 &#8212; \u0432 \u043e\u0431\u043b\u0430\u0441\u0442\u0438 \u043a\u043e\u043d\u0441\u0442\u0438\u0442\u0443\u0446\u0438\u043e\u043d\u043d\u043e\u0439 \u044e\u0440\u0438\u0441\u0434\u0438\u043a\u0446\u0438\u0438 \u0438 \u0437\u0430\u0449\u0438\u0442\u044b \u043f\u0440\u0430\u0432 \u0447\u0435\u043b\u043e\u0432\u0435\u043a\u0430&#187; icons=&#187;%5B%7B%7D%5D&#187; link=&#187;url:http%3A%2F%2Fwww.tanase.md%2Fru%2Falexandru-tanase%2F|||&#187;][\/vc_column][vc_column width=&#187;1\/2&#8243; offset=&#187;vc_col-md-3&#8243;][cmsms_profile uniqid=&#187;cmsms_shcd_602257edb10dc5_37996066&#8243; image=&#187;9944&#8243; title=&#187;\u041c\u0443\u043d\u0442\u0435\u0430\u043d\u0443 \u0415\u043b\u0435\u043d\u0430&#187; subtitle=&#187;\u0410\u0414\u0412\u041e\u041a\u0410\u0422 \u041f\u0410\u0420\u0422\u041d\u0415\u0420&#187; text=&#187;\u042f\u0432\u043b\u044f\u0435\u0442\u0441\u044f \u0447\u043b\u0435\u043d\u043e\u043c \u043a\u043e\u043c\u0430\u043d\u0434\u044b \u00abT\u0103nase &amp; Partenerii\u00bb \u0441 2014 \u0433\u043e\u0434\u0430, \u0441\u043f\u0435\u0446\u0438\u0430\u043b\u0438\u0437\u0438\u0440\u0443\u044f\u0441\u044c \u043d\u0430 \u0433\u0440\u0430\u0436\u0434\u0430\u043d\u0441\u043a\u043e\u043c \u043f\u0440\u0430\u0432\u0435, \u043a\u043e\u0440\u043f\u043e\u0440\u0430\u0442\u0438\u0432\u043d\u043e\u043c, \u043a\u043e\u043c\u043c\u0435\u0440\u0447\u0435\u0441\u043a\u043e\u043c \u0438 c\u0435\u043c\u0435\u0439\u043d\u043e\u043c \u043f\u0440\u0430\u0432\u0435.&#187; icons=&#187;%5B%7B%7D%5D&#187; link=&#187;url:http%3A%2F%2Fwww.tanase.md%2Fru%2Felena-munteanu%2F|||&#187;][\/vc_column][vc_column width=&#187;1\/2&#8243; offset=&#187;vc_col-md-3&#8243;][cmsms_profile uniqid=&#187;cmsms_shcd_5fc35a3c9a0a28_05201261&#8243; image=&#187;8812&#8243; title=&#187;\u041a\u043e\u0442\u0440\u0443\u0446\u044d \u0421\u0435\u0440\u0434\u0436\u0438\u0443&#187; subtitle=&#187;\u0410\u0414\u0412\u041e\u041a\u0410\u0422 \u041f\u0410\u0420\u0422\u041d\u0415\u0420&#187; text=&#187;\u0421\u043f\u0435\u0446\u0438\u0430\u043b\u0438\u0437\u0438\u0440\u0443\u044f\u0441\u044c \u043d\u0430 \u0423\u0433\u043e\u043b\u043e\u0432\u043d\u043e\u043c \u043f\u0440\u0430\u0432\u0435, \u043e\u0441\u043e\u0431\u0435\u043d\u043d\u043e \u0432 \u0437\u0430\u0449\u0438\u0442\u0435 \u043a\u043b\u0438\u0435\u043d\u0442\u043e\u0432, \u043e\u0431\u0432\u0438\u043d\u044f\u0435\u043c\u044b\u0445 \u0432 \u044d\u043a\u043e\u043d\u043e\u043c\u0438\u0447\u0435\u0441\u043a\u0438\u0445 \u043f\u0440\u0435\u0441\u0442\u0443\u043f\u043b\u0435\u043d\u0438\u044f\u0445, \u043f\u0440\u0438 \u0440\u0430\u0441\u0441\u043b\u0435\u0434\u043e\u0432\u0430\u043d\u0438\u0438 \u043a\u043e\u0440\u0440\u0443\u043f\u0446\u0438\u043e\u043d\u043d\u044b\u0445 \u043f\u0440\u0435\u0441\u0442\u0443\u043f\u043b\u0435\u043d\u0438\u0439 \u0438 \u0441\u0432\u044f\u0437\u0430\u043d\u043d\u044b\u0445 \u0441 \u043d\u0438\u043c\u0438 \u0444\u0430\u043a\u0442\u043e\u0432&#187; icons=&#187;%5B%7B%7D%5D&#187; link=&#187;url:http%3A%2F%2Fwww.tanase.md%2Fru%2Fsergiu-cotruta%2F|||&#187;][\/vc_column][\/vc_row]<\/p>\n","protected":false},"excerpt":{"rendered":"<p>[vc_row full_width=&#187;stretch_row_content_no_spaces&#187; css=&#187;.vc_custom_1503389528672{margin-top: 0px !important;margin-right: 0px !important;margin-bottom: 0px !important;margin-left: 0px !important;border-top-width: 0px !important;border-right-width: 0px !important;border-bottom-width: 0px !important;border-left-width: 0px !important;padding-top: 0px !important;padding-right: 0px !important;padding-bottom: 0px !important;padding-left: 0px !important;}&#187;][vc_column css=&#187;.vc_custom_1483001620974{margin-top: 0px !important;margin-right: 0px !important;margin-bottom: 0px !important;margin-left: 0px !important;border-top-width: 0px !important;border-right-width: 0px !important;border-bottom-width: 0px !important;border-left-width: 0px !important;padding-top: 0px !important;padding-right: 0px !important;padding-bottom: 0px !important;padding-left: 0px !important;}&#187;][rev_slider_vc alias=&#187;main-home-1&#8243;][\/vc_column][\/vc_row][vc_row full_width=&#187;stretch_row_content_no_spaces&#187; css=&#187;.vc_custom_1504855875503{margin-right:&#8230;<\/p>\n","protected":false},"author":1,"featured_media":0,"parent":0,"menu_order":0,"comment_status":"closed","ping_status":"closed","template":"","meta":[],"_links":{"self":[{"href":"https:\/\/www.tanase.md\/ru\/wp-json\/wp\/v2\/pages\/9129"}],"collection":[{"href":"https:\/\/www.tanase.md\/ru\/wp-json\/wp\/v2\/pages"}],"about":[{"href":"https:\/\/www.tanase.md\/ru\/wp-json\/wp\/v2\/types\/page"}],"author":[{"embeddable":true,"href":"https:\/\/www.tanase.md\/ru\/wp-json\/wp\/v2\/users\/1"}],"replies":[{"embeddable":true,"href":"https:\/\/www.tanase.md\/ru\/wp-json\/wp\/v2\/comments?post=9129"}],"version-history":[{"count":19,"href":"https:\/\/www.tanase.md\/ru\/wp-json\/wp\/v2\/pages\/9129\/revisions"}],"predecessor-version":[{"id":9949,"href":"https:\/\/www.tanase.md\/ru\/wp-json\/wp\/v2\/pages\/9129\/revisions\/9949"}],"wp:attachment":[{"href":"https:\/\/www.tanase.md\/ru\/wp-json\/wp\/v2\/media?parent=9129"}],"curies":[{"name":"wp","href":"https:\/\/api.w.org\/{rel}","templated":true}]}}