{"id":9521,"date":"2020-05-14T18:56:55","date_gmt":"2020-05-14T18:56:55","guid":{"rendered":"http:\/\/www.tanase.md\/alexandru-tanase\/"},"modified":"2020-12-01T15:59:33","modified_gmt":"2020-12-01T15:59:33","slug":"alexandru-tanase","status":"publish","type":"page","link":"https:\/\/www.tanase.md\/de\/alexandru-tanase\/","title":{"rendered":"Alexandru Tanase, gr\u00fcndendes Mitglied"},"content":{"rendered":"<style type=\"text\/css\" data-type=\"vc_cmsms_shortcodes-custom-css\"><\/style><p>[vc_row css=&#8220;.vc_custom_1531901845920{padding-top: 70px !important;padding-bottom: 10px !important;}&#8220;][vc_column css=&#8220;.vc_custom_1523972438973{margin-bottom: 0px !important;}&#8220;][vc_custom_heading text=&#8220;Alexandru Tanase&#8220; use_theme_fonts=&#8220;yes&#8220; css=&#8220;.vc_custom_1606656473408{margin-bottom: 0px !important;padding-bottom: 0px !important;}&#8220;][vc_custom_heading text=&#8220;gr\u00fcndendes Mitglied&#8220; font_container=&#8220;tag:h2|font_size:14|text_align:left|color:%23c93126&#8243; use_theme_fonts=&#8220;yes&#8220; css=&#8220;.vc_custom_1606838307747{margin-top: 0px !important;margin-bottom: 0px !important;padding-bottom: 0px !important;}&#8220;][\/vc_column][\/vc_row][vc_row gap=&#8220;35&#8243; css=&#8220;.vc_custom_1523976294937{margin-top: 0px !important;padding-top: 0px !important;padding-bottom: 30px !important;}&#8220;][vc_column width=&#8220;2\/3&#8243; css=&#8220;.vc_custom_1523972492860{margin-top: 0px !important;padding-top: 0px !important;}&#8220;][vc_single_image image=&#8220;8802&#8243; img_size=&#8220;medium&#8220;][vc_column_text]Alexandru Tanase hat sein Studium an der Alexandru Iona Cuza Universit\u00e4t in Iasi, Rum\u00e4nien, im Jahr 1994 abgeschlossen. Er macht sein Doktorstudium an Mykolas Romeris University, in Vilnius, Litauen.<\/p>\n<p>Alexandru Tanase besitzt mehr als 25-j\u00e4hrige Berufserfahrung im Bereich der Justiz und der \u00f6ffentlichen Verwaltung, darunter 15 Jahre war er im Bereich der Verfassungsjurisdiktion und der Menschenrechte t\u00e4tig. Er war als Justizminister und Vorsitzender des Verfassungsgerichts t\u00e4tig. Er ist individuelles Mitglied der Europ\u00e4ischen Kommission f\u00fcr Demokratie durch Recht des Europarates (Venedig-Kommission).<\/p>\n<p>Alexandru Tanase ist lizenzierter Rechtsanwalt und Mitglied des Anwaltsvereins der Republik Moldau, Rechtanwalt Partenerii und Mitgr\u00fcnder der Assoziierten Rechtsanwaltskanzlei \u201eHANGANU, TANASE UND PARTENERII\u201c.[\/vc_column_text][\/vc_column][vc_column width=&#8220;1\/3&#8243; css=&#8220;.vc_custom_1484053228560{padding-left: 20px !important;}&#8220;][vc_row_inner css=&#8220;.vc_custom_1523976524088{border-top-width: 1px !important;border-right-width: 1px !important;border-bottom-width: 1px !important;border-left-width: 1px !important;border-left-color: #e0e0e0 !important;border-left-style: solid !important;border-right-color: #e0e0e0 !important;border-right-style: solid !important;border-top-color: #e0e0e0 !important;border-top-style: solid !important;border-bottom-color: #e0e0e0 !important;border-bottom-style: solid !important;}&#8220;][vc_column_inner css=&#8220;.vc_custom_1524032408983{border-top-width: 1px !important;border-right-width: 1px !important;border-bottom-width: 1px !important;border-left-width: 1px !important;padding-top: 40px !important;padding-right: 28px !important;padding-bottom: 0px !important;padding-left: 32px !important;}&#8220;][vc_custom_heading text=&#8220;Praktische T\u00e4tigkeitsbereiche:&#8220; font_container=&#8220;tag:h3|text_align:left&#8220; use_theme_fonts=&#8220;yes&#8220; css=&#8220;.vc_custom_1606838349319{margin-bottom: 5px !important;padding-bottom: 0px !important;}&#8220;][vc_column_text css=&#8220;.vc_custom_1606838367701{margin-bottom: 20px !important;padding-bottom: 0px !important;}&#8220;]Verfassungsrecht<\/p>\n<p>Gesellschafts- und Handelsrecht<\/p>\n<p>Menschenrechte<\/p>\n<p><strong>Sprachkenntnisse:<\/strong> <em>Rum\u00e4nische, Russisch und Englisch <\/em>[\/vc_column_text][vc_widget_sidebar sidebar_id=&#8220;contacts&#8220;][\/vc_column_inner][\/vc_row_inner][\/vc_column][\/vc_row][vc_row full_width=&#8220;stretch_row&#8220; css=&#8220;.vc_custom_1484058709294{margin-left: 0px !important;border-top-width: 1px !important;padding-top: 40px !important;padding-bottom: 25px !important;background-color: #fbfbfb !important;border-top-color: #e0e0e0 !important;border-top-style: solid !important;}&#8220;][vc_column][vc_row_inner][vc_column_inner width=&#8220;3\/4&#8243;][vc_custom_heading text=&#8220;Praktische T\u00e4tigkeitsbereiche:&#8220; use_theme_fonts=&#8220;yes&#8220; css=&#8220;.vc_custom_1606838340981{margin-bottom: 5px !important;padding-bottom: 0px !important;}&#8220;][\/vc_column_inner][\/vc_row_inner][vc_basic_grid post_type=&#8220;project&#8220; max_items=&#8220;4&#8243; element_width=&#8220;3&#8243; gap=&#8220;20&#8243; item=&#8220;2249&#8243; grid_id=&#8220;vc_gid:1606838201233-cea923c63efbb63141084c3aecad576c-0&#8243; exclude=&#8220;2726&#8243;][\/vc_column][\/vc_row]<\/p>\n","protected":false},"excerpt":{"rendered":"<p>[vc_row css=&#8220;.vc_custom_1531901845920{padding-top: 70px !important;padding-bottom: 10px !important;}&#8220;][vc_column css=&#8220;.vc_custom_1523972438973{margin-bottom: 0px !important;}&#8220;][vc_custom_heading text=&#8220;Alexandru Tanase&#8220; use_theme_fonts=&#8220;yes&#8220; css=&#8220;.vc_custom_1606656473408{margin-bottom: 0px !important;padding-bottom: 0px !important;}&#8220;][vc_custom_heading text=&#8220;gr\u00fcndendes Mitglied&#8220; font_container=&#8220;tag:h2|font_size:14|text_align:left|color:%23c93126&#8243; use_theme_fonts=&#8220;yes&#8220; css=&#8220;.vc_custom_1606838307747{margin-top: 0px !important;margin-bottom: 0px !important;padding-bottom: 0px !important;}&#8220;][\/vc_column][\/vc_row][vc_row gap=&#8220;35&#8243; css=&#8220;.vc_custom_1523976294937{margin-top: 0px !important;padding-top: 0px !important;padding-bottom: 30px !important;}&#8220;][vc_column width=&#8220;2\/3&#8243; css=&#8220;.vc_custom_1523972492860{margin-top: 0px !important;padding-top: 0px !important;}&#8220;][vc_single_image image=&#8220;8802&#8243; img_size=&#8220;medium&#8220;][vc_column_text]Alexandru Tanase hat sein Studium an der Alexandru Iona Cuza Universit\u00e4t in&#8230;<\/p>\n","protected":false},"author":1,"featured_media":0,"parent":0,"menu_order":0,"comment_status":"closed","ping_status":"closed","template":"","meta":[],"_links":{"self":[{"href":"https:\/\/www.tanase.md\/de\/wp-json\/wp\/v2\/pages\/9521"}],"collection":[{"href":"https:\/\/www.tanase.md\/de\/wp-json\/wp\/v2\/pages"}],"about":[{"href":"https:\/\/www.tanase.md\/de\/wp-json\/wp\/v2\/types\/page"}],"author":[{"embeddable":true,"href":"https:\/\/www.tanase.md\/de\/wp-json\/wp\/v2\/users\/1"}],"replies":[{"embeddable":true,"href":"https:\/\/www.tanase.md\/de\/wp-json\/wp\/v2\/comments?post=9521"}],"version-history":[{"count":2,"href":"https:\/\/www.tanase.md\/de\/wp-json\/wp\/v2\/pages\/9521\/revisions"}],"predecessor-version":[{"id":9524,"href":"https:\/\/www.tanase.md\/de\/wp-json\/wp\/v2\/pages\/9521\/revisions\/9524"}],"wp:attachment":[{"href":"https:\/\/www.tanase.md\/de\/wp-json\/wp\/v2\/media?parent=9521"}],"curies":[{"name":"wp","href":"https:\/\/api.w.org\/{rel}","templated":true}]}}