{"id":9517,"date":"2020-05-14T18:52:55","date_gmt":"2020-05-14T18:52:55","guid":{"rendered":"http:\/\/www.tanase.md\/janeta-hanganu\/"},"modified":"2021-03-19T08:30:43","modified_gmt":"2021-03-19T06:30:43","slug":"janeta-hanganu","status":"publish","type":"page","link":"https:\/\/www.tanase.md\/de\/janeta-hanganu\/","title":{"rendered":"Janeta Hanganu, gr\u00fcndendes Mitglied"},"content":{"rendered":"<style type=\"text\/css\" data-type=\"vc_cmsms_shortcodes-custom-css\"><\/style><p>[vc_row css=&#8220;.vc_custom_1531901845920{padding-top: 70px !important;padding-bottom: 10px !important;}&#8220;][vc_column css=&#8220;.vc_custom_1523972438973{margin-bottom: 0px !important;}&#8220;][vc_custom_heading text=&#8220;Janeta Hanganu&#8220; use_theme_fonts=&#8220;yes&#8220; css=&#8220;.vc_custom_1606655926056{margin-bottom: 0px !important;padding-bottom: 0px !important;}&#8220;][vc_custom_heading text=&#8220;gr\u00fcndendes Mitglied&#8220; font_container=&#8220;tag:h2|font_size:14|text_align:left|color:%23c93126&#8243; use_theme_fonts=&#8220;yes&#8220; css=&#8220;.vc_custom_1606838002465{margin-top: 0px !important;margin-bottom: 0px !important;padding-bottom: 0px !important;}&#8220;][\/vc_column][\/vc_row][vc_row gap=&#8220;35&#8243; css=&#8220;.vc_custom_1523976294937{margin-top: 0px !important;padding-top: 0px !important;padding-bottom: 30px !important;}&#8220;][vc_column width=&#8220;2\/3&#8243; css=&#8220;.vc_custom_1523972492860{margin-top: 0px !important;padding-top: 0px !important;}&#8220;][vc_single_image image=&#8220;8853&#8243; img_size=&#8220;medium&#8220;][vc_column_text]Janeta Hanganu hat ihr Studium an der Moldauischen Staatlichen Universit\u00e4t, Studiengang \u2013 Internationales Recht, im Jahr 2003 abgeschlossen. Danach hat sie ihr Studium an der Oxford-Universit\u00e4t, Gro\u00dfbritannien, Studiengang \u2013 Internationales Recht und Menschenrechte (2014-2016) gemacht und abgeschlossen.<\/p>\n<p>Im Zeitraum 2000-2003 war sie beim Programm der Vereinten Nationen f\u00fcr Entwicklung in Moldawien im Justizreform- und Rechtsbereich t\u00e4tig. Im Zeitraum 2003-2005 war sie bei der Soros-Stiftung in Moldawien und im Zeitraum 2005-2008 beim Zentrum f\u00fcr Rechtliche Studien und Politiken t\u00e4tig.<\/p>\n<p>Im Jahr 2007 erhielt sie die Rechtsanwaltslizenz und ist Partenerii und Mitgr\u00fcnder der Assoziierten Rechtsanwaltskanzlei \u201eHANGANU, TANASE UND PARTENERII\u201c. Seit dem Jahr 2012 ist sie im Rahmen der Strukturen des Europarates t\u00e4tig.[\/vc_column_text][\/vc_column][vc_column width=&#8220;1\/3&#8243; css=&#8220;.vc_custom_1484053228560{padding-left: 20px !important;}&#8220;][vc_row_inner css=&#8220;.vc_custom_1523976524088{border-top-width: 1px !important;border-right-width: 1px !important;border-bottom-width: 1px !important;border-left-width: 1px !important;border-left-color: #e0e0e0 !important;border-left-style: solid !important;border-right-color: #e0e0e0 !important;border-right-style: solid !important;border-top-color: #e0e0e0 !important;border-top-style: solid !important;border-bottom-color: #e0e0e0 !important;border-bottom-style: solid !important;}&#8220;][vc_column_inner css=&#8220;.vc_custom_1524032408983{border-top-width: 1px !important;border-right-width: 1px !important;border-bottom-width: 1px !important;border-left-width: 1px !important;padding-top: 40px !important;padding-right: 28px !important;padding-bottom: 0px !important;padding-left: 32px !important;}&#8220;][vc_custom_heading text=&#8220;Praktische T\u00e4tigkeitsbereiche:&#8220; font_container=&#8220;tag:h3|text_align:left&#8220; use_theme_fonts=&#8220;yes&#8220; css=&#8220;.vc_custom_1606838101497{margin-bottom: 5px !important;padding-bottom: 0px !important;}&#8220;][vc_column_text css=&#8220;.vc_custom_1616135439435{margin-bottom: 20px !important;padding-bottom: 0px !important;}&#8220;]<strong>Sprachkenntnisse:<\/strong> <em>Rum\u00e4nisch, Russisch, Franz\u00f6sisch und Englisch <\/em><\/p>\n<div id=\"gtx-trans\" style=\"position: absolute; left: -142px; top: -6px;\">\n<div class=\"gtx-trans-icon\"><\/div>\n<\/div>\n<p>[\/vc_column_text][vc_widget_sidebar sidebar_id=&#8220;contacts&#8220;][\/vc_column_inner][\/vc_row_inner][\/vc_column][\/vc_row][vc_row full_width=&#8220;stretch_row&#8220; css=&#8220;.vc_custom_1484058709294{margin-left: 0px !important;border-top-width: 1px !important;padding-top: 40px !important;padding-bottom: 25px !important;background-color: #fbfbfb !important;border-top-color: #e0e0e0 !important;border-top-style: solid !important;}&#8220;][vc_column][vc_row_inner][vc_column_inner width=&#8220;3\/4&#8243;][vc_custom_heading text=&#8220;Praktische T\u00e4tigkeitsbereiche:&#8220; use_theme_fonts=&#8220;yes&#8220; css=&#8220;.vc_custom_1606838109836{margin-bottom: 5px !important;padding-bottom: 0px !important;}&#8220;][\/vc_column_inner][\/vc_row_inner][vc_basic_grid post_type=&#8220;project&#8220; max_items=&#8220;4&#8243; element_width=&#8220;3&#8243; gap=&#8220;20&#8243; item=&#8220;2249&#8243; grid_id=&#8220;vc_gid:1616135425305-aab54073-83b3-8&#8243; exclude=&#8220;2726&#8243;][\/vc_column][\/vc_row]<\/p>\n","protected":false},"excerpt":{"rendered":"<p>[vc_row css=&#8220;.vc_custom_1531901845920{padding-top: 70px !important;padding-bottom: 10px !important;}&#8220;][vc_column css=&#8220;.vc_custom_1523972438973{margin-bottom: 0px !important;}&#8220;][vc_custom_heading text=&#8220;Janeta Hanganu&#8220; use_theme_fonts=&#8220;yes&#8220; css=&#8220;.vc_custom_1606655926056{margin-bottom: 0px !important;padding-bottom: 0px !important;}&#8220;][vc_custom_heading text=&#8220;gr\u00fcndendes Mitglied&#8220; font_container=&#8220;tag:h2|font_size:14|text_align:left|color:%23c93126&#8243; use_theme_fonts=&#8220;yes&#8220; css=&#8220;.vc_custom_1606838002465{margin-top: 0px !important;margin-bottom: 0px !important;padding-bottom: 0px !important;}&#8220;][\/vc_column][\/vc_row][vc_row gap=&#8220;35&#8243; css=&#8220;.vc_custom_1523976294937{margin-top: 0px !important;padding-top: 0px !important;padding-bottom: 30px !important;}&#8220;][vc_column width=&#8220;2\/3&#8243; css=&#8220;.vc_custom_1523972492860{margin-top: 0px !important;padding-top: 0px !important;}&#8220;][vc_single_image image=&#8220;8853&#8243; img_size=&#8220;medium&#8220;][vc_column_text]Janeta Hanganu hat ihr Studium an der Moldauischen Staatlichen Universit\u00e4t, Studiengang \u2013&#8230;<\/p>\n","protected":false},"author":1,"featured_media":0,"parent":0,"menu_order":0,"comment_status":"closed","ping_status":"closed","template":"","meta":[],"_links":{"self":[{"href":"https:\/\/www.tanase.md\/de\/wp-json\/wp\/v2\/pages\/9517"}],"collection":[{"href":"https:\/\/www.tanase.md\/de\/wp-json\/wp\/v2\/pages"}],"about":[{"href":"https:\/\/www.tanase.md\/de\/wp-json\/wp\/v2\/types\/page"}],"author":[{"embeddable":true,"href":"https:\/\/www.tanase.md\/de\/wp-json\/wp\/v2\/users\/1"}],"replies":[{"embeddable":true,"href":"https:\/\/www.tanase.md\/de\/wp-json\/wp\/v2\/comments?post=9517"}],"version-history":[{"count":3,"href":"https:\/\/www.tanase.md\/de\/wp-json\/wp\/v2\/pages\/9517\/revisions"}],"predecessor-version":[{"id":10074,"href":"https:\/\/www.tanase.md\/de\/wp-json\/wp\/v2\/pages\/9517\/revisions\/10074"}],"wp:attachment":[{"href":"https:\/\/www.tanase.md\/de\/wp-json\/wp\/v2\/media?parent=9517"}],"curies":[{"name":"wp","href":"https:\/\/api.w.org\/{rel}","templated":true}]}}