{"id":9512,"date":"2017-01-10T14:45:58","date_gmt":"2017-01-10T14:45:58","guid":{"rendered":"http:\/\/www.tanase.md\/sergiu-cotruta\/"},"modified":"2020-12-01T15:50:02","modified_gmt":"2020-12-01T15:50:02","slug":"sergiu-cotruta","status":"publish","type":"page","link":"https:\/\/www.tanase.md\/de\/sergiu-cotruta\/","title":{"rendered":"Sergiu Cotruta, Partner Rechtsanwalt"},"content":{"rendered":"<style type=\"text\/css\" data-type=\"vc_cmsms_shortcodes-custom-css\"><\/style><p>[vc_row css=&#8220;.vc_custom_1523972564928{padding-top: 70px !important;padding-bottom: 10px !important;}&#8220;][vc_column css=&#8220;.vc_custom_1523972438973{margin-bottom: 0px !important;}&#8220;][vc_custom_heading text=&#8220;Sergiu Cotruta&#8220; use_theme_fonts=&#8220;yes&#8220; css=&#8220;.vc_custom_1606655710528{margin-bottom: 0px !important;padding-bottom: 0px !important;}&#8220;][vc_custom_heading text=&#8220;Partner Rechtsanwalt&#8220; font_container=&#8220;tag:h2|font_size:14|text_align:left|color:%23c93126&#8243; use_theme_fonts=&#8220;yes&#8220; css=&#8220;.vc_custom_1606837727190{margin-top: 0px !important;margin-bottom: 0px !important;padding-bottom: 0px !important;}&#8220;][\/vc_column][\/vc_row][vc_row gap=&#8220;35&#8243; css=&#8220;.vc_custom_1523976294937{margin-top: 0px !important;padding-top: 0px !important;padding-bottom: 30px !important;}&#8220;][vc_column width=&#8220;2\/3&#8243; css=&#8220;.vc_custom_1523972492860{margin-top: 0px !important;padding-top: 0px !important;}&#8220;][vc_single_image image=&#8220;8794&#8243; img_size=&#8220;medium&#8220;][vc_column_text]<strong>Sergiu Cotruta <\/strong>hat sein Studium an der Moldauischen Staatlichen Universit\u00e4t im Jahr 2010 mit dem Lizenzdiplom in Recht abgeschlossen. Er ist Magister des Zivilrechts.<\/p>\n<p>Sergiu Cotruta ist Mitglied des Teams \u201eTanase und Partenerii\u201c seit dem Jahr 2013. Seine Fachrichtung ist Strafrecht, insbesondere Verteidigung der Kunden, die wegen der Begehung der Wirtschaftsstraftaten im Rahmen der Ermittlung von Korruptionsstraftaten und zusammenh\u00e4ngenden Taten angeklagt wurden. Er hat eine beeindruckende Erfahrung im Bereich der Aufhebung der abusiv angewandten Zwangsma\u00dfnahmen seitens der nationalen Kontrollbeh\u00f6rden entwickelt. Sergiu Cotruta ber\u00e4t die Transportunternehmen vor den Zollbeh\u00f6rden. Er ist lizenzierter Rechtsanwalt und Mitglied des Anwaltsvereins der Republik Moldau seit dem Jahr 2013.[\/vc_column_text][\/vc_column][vc_column width=&#8220;1\/3&#8243; css=&#8220;.vc_custom_1484053228560{padding-left: 20px !important;}&#8220;][vc_row_inner css=&#8220;.vc_custom_1523976524088{border-top-width: 1px !important;border-right-width: 1px !important;border-bottom-width: 1px !important;border-left-width: 1px !important;border-left-color: #e0e0e0 !important;border-left-style: solid !important;border-right-color: #e0e0e0 !important;border-right-style: solid !important;border-top-color: #e0e0e0 !important;border-top-style: solid !important;border-bottom-color: #e0e0e0 !important;border-bottom-style: solid !important;}&#8220;][vc_column_inner css=&#8220;.vc_custom_1524032408983{border-top-width: 1px !important;border-right-width: 1px !important;border-bottom-width: 1px !important;border-left-width: 1px !important;padding-top: 40px !important;padding-right: 28px !important;padding-bottom: 0px !important;padding-left: 32px !important;}&#8220;][vc_custom_heading text=&#8220;Praktische T\u00e4tigkeitsbereiche:&#8220; font_container=&#8220;tag:h3|text_align:left&#8220; use_theme_fonts=&#8220;yes&#8220; css=&#8220;.vc_custom_1606837772100{margin-bottom: 5px !important;padding-bottom: 0px !important;}&#8220;][vc_column_text css=&#8220;.vc_custom_1606837794809{margin-bottom: 20px !important;padding-bottom: 0px !important;}&#8220;]Strafrecht<\/p>\n<p>Zuwiderhandlungsrecht<\/p>\n<p>Zollrecht<\/p>\n<p>Transport und Versicherungen<\/p>\n<p>Verbraucherrecht<\/p>\n<p><strong>Sprachkenntnisse:<\/strong> <em>Rum\u00e4nisch, Russisch und Englisch <\/em>[\/vc_column_text][vc_widget_sidebar sidebar_id=&#8220;contacts&#8220;][\/vc_column_inner][\/vc_row_inner][\/vc_column][\/vc_row][vc_row full_width=&#8220;stretch_row&#8220; css=&#8220;.vc_custom_1484058709294{margin-left: 0px !important;border-top-width: 1px !important;padding-top: 40px !important;padding-bottom: 25px !important;background-color: #fbfbfb !important;border-top-color: #e0e0e0 !important;border-top-style: solid !important;}&#8220;][vc_column][vc_row_inner][vc_column_inner width=&#8220;3\/4&#8243;][vc_custom_heading text=&#8220;Praktische T\u00e4tigkeitsbereiche:&#8220; use_theme_fonts=&#8220;yes&#8220; css=&#8220;.vc_custom_1606837754299{margin-bottom: 5px !important;padding-bottom: 0px !important;}&#8220;][\/vc_column_inner][\/vc_row_inner][vc_basic_grid post_type=&#8220;project&#8220; max_items=&#8220;4&#8243; element_width=&#8220;3&#8243; gap=&#8220;20&#8243; item=&#8220;2249&#8243; grid_id=&#8220;vc_gid:1606837718001-c84cf29f1786ffe81fab5f5af9ff46a7-4&#8243; exclude=&#8220;2726&#8243;][\/vc_column][\/vc_row]<\/p>\n","protected":false},"excerpt":{"rendered":"<p>[vc_row css=&#8220;.vc_custom_1523972564928{padding-top: 70px !important;padding-bottom: 10px !important;}&#8220;][vc_column css=&#8220;.vc_custom_1523972438973{margin-bottom: 0px !important;}&#8220;][vc_custom_heading text=&#8220;Sergiu Cotruta&#8220; use_theme_fonts=&#8220;yes&#8220; css=&#8220;.vc_custom_1606655710528{margin-bottom: 0px !important;padding-bottom: 0px !important;}&#8220;][vc_custom_heading text=&#8220;Partner Rechtsanwalt&#8220; font_container=&#8220;tag:h2|font_size:14|text_align:left|color:%23c93126&#8243; use_theme_fonts=&#8220;yes&#8220; css=&#8220;.vc_custom_1606837727190{margin-top: 0px !important;margin-bottom: 0px !important;padding-bottom: 0px !important;}&#8220;][\/vc_column][\/vc_row][vc_row gap=&#8220;35&#8243; css=&#8220;.vc_custom_1523976294937{margin-top: 0px !important;padding-top: 0px !important;padding-bottom: 30px !important;}&#8220;][vc_column width=&#8220;2\/3&#8243; css=&#8220;.vc_custom_1523972492860{margin-top: 0px !important;padding-top: 0px !important;}&#8220;][vc_single_image image=&#8220;8794&#8243; img_size=&#8220;medium&#8220;][vc_column_text]Sergiu Cotruta hat sein Studium an der Moldauischen Staatlichen Universit\u00e4t im Jahr&#8230;<\/p>\n","protected":false},"author":1,"featured_media":0,"parent":0,"menu_order":0,"comment_status":"closed","ping_status":"closed","template":"","meta":[],"_links":{"self":[{"href":"https:\/\/www.tanase.md\/de\/wp-json\/wp\/v2\/pages\/9512"}],"collection":[{"href":"https:\/\/www.tanase.md\/de\/wp-json\/wp\/v2\/pages"}],"about":[{"href":"https:\/\/www.tanase.md\/de\/wp-json\/wp\/v2\/types\/page"}],"author":[{"embeddable":true,"href":"https:\/\/www.tanase.md\/de\/wp-json\/wp\/v2\/users\/1"}],"replies":[{"embeddable":true,"href":"https:\/\/www.tanase.md\/de\/wp-json\/wp\/v2\/comments?post=9512"}],"version-history":[{"count":2,"href":"https:\/\/www.tanase.md\/de\/wp-json\/wp\/v2\/pages\/9512\/revisions"}],"predecessor-version":[{"id":9515,"href":"https:\/\/www.tanase.md\/de\/wp-json\/wp\/v2\/pages\/9512\/revisions\/9515"}],"wp:attachment":[{"href":"https:\/\/www.tanase.md\/de\/wp-json\/wp\/v2\/media?parent=9512"}],"curies":[{"name":"wp","href":"https:\/\/api.w.org\/{rel}","templated":true}]}}