{"id":9496,"date":"2017-01-10T14:44:40","date_gmt":"2017-01-10T14:44:40","guid":{"rendered":"http:\/\/www.tanase.md\/elena-munteanu\/"},"modified":"2020-12-01T15:36:59","modified_gmt":"2020-12-01T15:36:59","slug":"elena-munteanu","status":"publish","type":"page","link":"https:\/\/www.tanase.md\/de\/elena-munteanu\/","title":{"rendered":"Elena Munteanu, Partner Rechtsanwalt"},"content":{"rendered":"<style type=\"text\/css\" data-type=\"vc_cmsms_shortcodes-custom-css\"><\/style><p>[vc_row css=&#8220;.vc_custom_1523972564928{padding-top: 70px !important;padding-bottom: 10px !important;}&#8220;][vc_column css=&#8220;.vc_custom_1523972438973{margin-bottom: 0px !important;}&#8220;][vc_custom_heading text=&#8220;Elena Munteanu&#8220; use_theme_fonts=&#8220;yes&#8220; css=&#8220;.vc_custom_1606654889584{margin-bottom: 0px !important;padding-bottom: 0px !important;}&#8220;][vc_custom_heading text=&#8220;Partner Rechtsanwalt&#8220; font_container=&#8220;tag:h2|font_size:14|text_align:left|color:%23c93126&#8243; use_theme_fonts=&#8220;yes&#8220; css=&#8220;.vc_custom_1606836858786{margin-top: 0px !important;margin-bottom: 0px !important;padding-bottom: 0px !important;}&#8220;][\/vc_column][\/vc_row][vc_row gap=&#8220;35&#8243; css=&#8220;.vc_custom_1523976294937{margin-top: 0px !important;padding-top: 0px !important;padding-bottom: 30px !important;}&#8220;][vc_column width=&#8220;2\/3&#8243; css=&#8220;.vc_custom_1523972492860{margin-top: 0px !important;padding-top: 0px !important;}&#8220;][vc_single_image image=&#8220;8780&#8243; img_size=&#8220;medium&#8220;][vc_column_text]Elena Munteanu hat ihr Studium an der Fakult\u00e4t f\u00fcr Recht an der Babes-Bolyai-Universit\u00e4t in Cluj-Napoca, Rum\u00e4nien, im Jahr 2011 mit dem Lizenzdiplom in Recht abgeschlossen. Sie ist Magister der strafrechtlichen Gerichtsverfahren.\u00a0<strong>\u00a0<\/strong><\/p>\n<p>Elena Munteanu ist Mitglied des Teams \u201eTanase &amp; Partenerii\u201c im Jahr 2014. Ihre Fachrichtung ist B\u00fcrgerrecht, Gesellschafts- und Handelsrecht und Familienrecht. Neben der T\u00e4tigkeit vor Nationalgerichten besitzt Elena\u00a0 Munteanu umfangreiche Erfahrung bei der Vertretung der Kunden vor dem Europ\u00e4ischen Gerichtshof f\u00fcr Menschenrechte. Sie ist lizenzierter Rechtsanwalt und Mitglied des Anwaltsvereins der Republik Moldau seit dem Jahr 2016.[\/vc_column_text][\/vc_column][vc_column width=&#8220;1\/3&#8243; css=&#8220;.vc_custom_1484053228560{padding-left: 20px !important;}&#8220;][vc_row_inner css=&#8220;.vc_custom_1523976524088{border-top-width: 1px !important;border-right-width: 1px !important;border-bottom-width: 1px !important;border-left-width: 1px !important;border-left-color: #e0e0e0 !important;border-left-style: solid !important;border-right-color: #e0e0e0 !important;border-right-style: solid !important;border-top-color: #e0e0e0 !important;border-top-style: solid !important;border-bottom-color: #e0e0e0 !important;border-bottom-style: solid !important;}&#8220;][vc_column_inner css=&#8220;.vc_custom_1524032408983{border-top-width: 1px !important;border-right-width: 1px !important;border-bottom-width: 1px !important;border-left-width: 1px !important;padding-top: 40px !important;padding-right: 28px !important;padding-bottom: 0px !important;padding-left: 32px !important;}&#8220;][vc_custom_heading text=&#8220;Praktische T\u00e4tigkeitsbereiche:&#8220; font_container=&#8220;tag:h3|text_align:left&#8220; use_theme_fonts=&#8220;yes&#8220; css=&#8220;.vc_custom_1606836912835{margin-bottom: 5px !important;padding-bottom: 0px !important;}&#8220;][vc_column_text css=&#8220;.vc_custom_1606836945679{margin-bottom: 20px !important;padding-bottom: 0px !important;}&#8220;]B\u00fcrgerrecht<\/p>\n<p>Gesellschafts- und Handelsrecht<\/p>\n<p>Insolvenz<\/p>\n<p>Arbeitsrecht<\/p>\n<p>Familienrecht<\/p>\n<p>Schutz der Personenbezogenen Daten (GDPR)<\/p>\n<p>Verbraucherschutz<\/p>\n<p>Menschenrechte<\/p>\n<p><strong>Sprachkenntnisse:<\/strong> <em>Rum\u00e4nisch, Deutsch, Englisch, Russisch.<\/em>[\/vc_column_text][vc_widget_sidebar sidebar_id=&#8220;contacts&#8220;][\/vc_column_inner][\/vc_row_inner][\/vc_column][\/vc_row][vc_row full_width=&#8220;stretch_row&#8220; css=&#8220;.vc_custom_1484058709294{margin-left: 0px !important;border-top-width: 1px !important;padding-top: 40px !important;padding-bottom: 25px !important;background-color: #fbfbfb !important;border-top-color: #e0e0e0 !important;border-top-style: solid !important;}&#8220;][vc_column][vc_row_inner][vc_column_inner width=&#8220;3\/4&#8243;][vc_custom_heading text=&#8220;Praktische T\u00e4tigkeitsbereiche:&#8220; use_theme_fonts=&#8220;yes&#8220; css=&#8220;.vc_custom_1606836900056{margin-bottom: 5px !important;padding-bottom: 0px !important;}&#8220;][\/vc_column_inner][\/vc_row_inner][vc_basic_grid post_type=&#8220;project&#8220; max_items=&#8220;4&#8243; element_width=&#8220;3&#8243; gap=&#8220;20&#8243; item=&#8220;2249&#8243; grid_id=&#8220;vc_gid:1606836839721-0b12560d69c122cb7a23915654225c82-10&#8243; exclude=&#8220;2726&#8243;][\/vc_column][\/vc_row]<\/p>\n","protected":false},"excerpt":{"rendered":"<p>[vc_row css=&#8220;.vc_custom_1523972564928{padding-top: 70px !important;padding-bottom: 10px !important;}&#8220;][vc_column css=&#8220;.vc_custom_1523972438973{margin-bottom: 0px !important;}&#8220;][vc_custom_heading text=&#8220;Elena Munteanu&#8220; use_theme_fonts=&#8220;yes&#8220; css=&#8220;.vc_custom_1606654889584{margin-bottom: 0px !important;padding-bottom: 0px !important;}&#8220;][vc_custom_heading text=&#8220;Partner Rechtsanwalt&#8220; font_container=&#8220;tag:h2|font_size:14|text_align:left|color:%23c93126&#8243; use_theme_fonts=&#8220;yes&#8220; css=&#8220;.vc_custom_1606836858786{margin-top: 0px !important;margin-bottom: 0px !important;padding-bottom: 0px !important;}&#8220;][\/vc_column][\/vc_row][vc_row gap=&#8220;35&#8243; css=&#8220;.vc_custom_1523976294937{margin-top: 0px !important;padding-top: 0px !important;padding-bottom: 30px !important;}&#8220;][vc_column width=&#8220;2\/3&#8243; css=&#8220;.vc_custom_1523972492860{margin-top: 0px !important;padding-top: 0px !important;}&#8220;][vc_single_image image=&#8220;8780&#8243; img_size=&#8220;medium&#8220;][vc_column_text]Elena Munteanu hat ihr Studium an der Fakult\u00e4t f\u00fcr Recht an der&#8230;<\/p>\n","protected":false},"author":1,"featured_media":0,"parent":0,"menu_order":0,"comment_status":"closed","ping_status":"closed","template":"","meta":[],"_links":{"self":[{"href":"https:\/\/www.tanase.md\/de\/wp-json\/wp\/v2\/pages\/9496"}],"collection":[{"href":"https:\/\/www.tanase.md\/de\/wp-json\/wp\/v2\/pages"}],"about":[{"href":"https:\/\/www.tanase.md\/de\/wp-json\/wp\/v2\/types\/page"}],"author":[{"embeddable":true,"href":"https:\/\/www.tanase.md\/de\/wp-json\/wp\/v2\/users\/1"}],"replies":[{"embeddable":true,"href":"https:\/\/www.tanase.md\/de\/wp-json\/wp\/v2\/comments?post=9496"}],"version-history":[{"count":2,"href":"https:\/\/www.tanase.md\/de\/wp-json\/wp\/v2\/pages\/9496\/revisions"}],"predecessor-version":[{"id":9499,"href":"https:\/\/www.tanase.md\/de\/wp-json\/wp\/v2\/pages\/9496\/revisions\/9499"}],"wp:attachment":[{"href":"https:\/\/www.tanase.md\/de\/wp-json\/wp\/v2\/media?parent=9496"}],"curies":[{"name":"wp","href":"https:\/\/api.w.org\/{rel}","templated":true}]}}