{"id":9401,"date":"2016-12-30T08:19:05","date_gmt":"2016-12-30T08:19:05","guid":{"rendered":"http:\/\/www.tanase.md\/about-us\/"},"modified":"2020-12-01T06:42:42","modified_gmt":"2020-12-01T06:42:42","slug":"about-us","status":"publish","type":"page","link":"https:\/\/www.tanase.md\/de\/about-us\/","title":{"rendered":"\u00dcber uns:"},"content":{"rendered":"<style type=\"text\/css\" data-type=\"vc_cmsms_shortcodes-custom-css\"><\/style><p>[vc_row full_width=&#8220;stretch_row&#8220; parallax=&#8220;content-moving-fade&#8220; parallax_image=&#8220;8330&#8243; css_animation=&#8220;none&#8220; parallax_content=&#8220;off&#8220; fadeout_row=&#8220;fadeout_row_value&#8220; fadeout_start_effect=&#8220;70&#8243; enable_overlay=&#8220;enable_overlay_value&#8220; overlay_color=&#8220;rgba(17,17,17,0.78)&#8220; seperator_enable=&#8220;off&#8220; css=&#8220;.vc_custom_1526744413597{margin-bottom: 0px !important;}&#8220;][vc_column][vc_column_text]&nbsp;<\/p>\n<h1 style=\"text-align: center;\"><\/h1>\n<p>&nbsp;<\/p>\n<p>&nbsp;<\/p>\n<p>&nbsp;[\/vc_column_text][\/vc_column][\/vc_row][vc_row gap=&#8220;30&#8243; enable_overlay=&#8220;enable_overlay_value&#8220; overlay_color=&#8220;rgba(0,0,0,0.39)&#8220; overlay_pattern=&#8220;09.png&#8220; overlay_pattern_opacity=&#8220;0.8&#8243; overlay_pattern_size=&#8220;0.9&#8243; seperator_enable=&#8220;seperator_enable_value&#8220; seperator_type=&#8220;xlarge_triangle_seperator&#8220; seperator_position=&#8220;bottom_seperator&#8220; seperator_svg_height=&#8220;60&#8243; seperator_shape_background=&#8220;#ffffff&#8220; css=&#8220;.vc_custom_1505457418462{padding-top: 0px !important;padding-bottom: 0px !important;}&#8220;][vc_column css=&#8220;.vc_custom_1505458957917{padding-top: 20px !important;}&#8220; offset=&#8220;vc_hidden-xs&#8220;][\/vc_column][vc_column width=&#8220;1\/2&#8243;][vc_single_image image=&#8220;8713&#8243; img_size=&#8220;570&#215;400&#8243; alignment=&#8220;center&#8220; css=&#8220;.vc_custom_1589483671671{padding-bottom: 0px !important;}&#8220;][\/vc_column][vc_column width=&#8220;1\/2&#8243;][vc_custom_heading text=&#8220;Vertrauen, Professionalit\u00e4t, Kreativit\u00e4t&#8220; font_container=&#8220;tag:h2|font_size:26px|text_align:left|line_height:34px&#8220; google_fonts=&#8220;font_family:Adamina%3Aregular|font_style:400%20regular%3A400%3Anormal&#8220; css=&#8220;.vc_custom_1606804784275{margin-bottom: 25px !important;}&#8220;][vc_column_text]Gegr\u00fcndet durch die Assoziierung der Rechtsanw\u00e4lte, Alexandru Tanase und Janeta Hanganu, sind wird seit dem Jahr 2007 auf dem moldauischen Markt der Rechtsdienstleistungen dank unserer fachkundigen, intelligenten und komplexen T\u00e4tigkeit bekannt, die wir allen Kundenkategorien, von nat\u00fcrlichen Personen, Klein- und Mittelunternehmen bis auf gro\u00dfe Korporationen und Finanzeinrichtungen zur Verf\u00fcgung stellen. Wir arbeiten kreativ, haben innovative Ideen und sind immer bereit, diese f\u00fcr unsere Kunden zu implementieren.<\/p>\n<p>Wir sind f\u00fcr die breite \u00d6ffentlichkeit durch unsere m\u00fcndlichen Ausf\u00fchrungen vor Gericht, durch unseren Professionalismus sowie durch die Details in den schriftlichen Dokumenten, aber auch durch die Diskretion, Vertraulichkeit und Achtung gegen\u00fcber unseren Kunden bekannt.<\/p>\n<p>Unsere Dienstleistungen sind immer zum Nutzen des Kunden orientiert. Sie widerspiegeln langj\u00e4hrige praktische Erfahrung der Teammitglieder und sind gleichzeitig an die Welt im st\u00e4ndigen Wandel angepasst, in der wir t\u00e4tig sind.[\/vc_column_text][\/vc_column][\/vc_row][vc_row][vc_column][vc_column_text]<strong>\u201eTanase &amp; Partenerii\u201d<\/strong> besitzt ein bedeutendes Portfolio von internationalen Kunden. Wir bieten unsere Dienstleistungen an ausl\u00e4ndische Unternehmen, damit diese auf den moldauischen Markt einsteigen k\u00f6nnen. Unsere Rechtsanw\u00e4lte sprechen Russisch, Englisch, Franz\u00f6sisch und Deutsch, was die Zusammenarbeit und die Erreichung der gemeinsamen Ziele erleichtert.<\/p>\n<p>Wir akzeptieren mit Enthusiasmus jede neue Herausforderung und unsere Kunden haben unsere ganze Unterst\u00fctzung bei der \u00d6ffnung von neuen Horizonten.[\/vc_column_text][\/vc_column][\/vc_row]<\/p>\n","protected":false},"excerpt":{"rendered":"<p>[vc_row full_width=&#8220;stretch_row&#8220; parallax=&#8220;content-moving-fade&#8220; parallax_image=&#8220;8330&#8243; css_animation=&#8220;none&#8220; parallax_content=&#8220;off&#8220; fadeout_row=&#8220;fadeout_row_value&#8220; fadeout_start_effect=&#8220;70&#8243; enable_overlay=&#8220;enable_overlay_value&#8220; overlay_color=&#8220;rgba(17,17,17,0.78)&#8220; seperator_enable=&#8220;off&#8220; css=&#8220;.vc_custom_1526744413597{margin-bottom: 0px !important;}&#8220;][vc_column][vc_column_text]&nbsp; &nbsp; &nbsp; &nbsp;[\/vc_column_text][\/vc_column][\/vc_row][vc_row gap=&#8220;30&#8243; enable_overlay=&#8220;enable_overlay_value&#8220; overlay_color=&#8220;rgba(0,0,0,0.39)&#8220; overlay_pattern=&#8220;09.png&#8220; overlay_pattern_opacity=&#8220;0.8&#8243; overlay_pattern_size=&#8220;0.9&#8243; seperator_enable=&#8220;seperator_enable_value&#8220; seperator_type=&#8220;xlarge_triangle_seperator&#8220; seperator_position=&#8220;bottom_seperator&#8220; seperator_svg_height=&#8220;60&#8243; seperator_shape_background=&#8220;#ffffff&#8220; css=&#8220;.vc_custom_1505457418462{padding-top: 0px !important;padding-bottom: 0px !important;}&#8220;][vc_column css=&#8220;.vc_custom_1505458957917{padding-top: 20px !important;}&#8220; offset=&#8220;vc_hidden-xs&#8220;][\/vc_column][vc_column width=&#8220;1\/2&#8243;][vc_single_image image=&#8220;8713&#8243; img_size=&#8220;570&#215;400&#8243; alignment=&#8220;center&#8220; css=&#8220;.vc_custom_1589483671671{padding-bottom: 0px !important;}&#8220;][\/vc_column][vc_column width=&#8220;1\/2&#8243;][vc_custom_heading text=&#8220;Vertrauen, Professionalit\u00e4t, Kreativit\u00e4t&#8220; font_container=&#8220;tag:h2|font_size:26px|text_align:left|line_height:34px&#8220; google_fonts=&#8220;font_family:Adamina%3Aregular|font_style:400%20regular%3A400%3Anormal&#8220; css=&#8220;.vc_custom_1606804784275{margin-bottom: 25px !important;}&#8220;][vc_column_text]Gegr\u00fcndet durch die&#8230;<\/p>\n","protected":false},"author":1,"featured_media":0,"parent":0,"menu_order":0,"comment_status":"closed","ping_status":"closed","template":"","meta":[],"_links":{"self":[{"href":"https:\/\/www.tanase.md\/de\/wp-json\/wp\/v2\/pages\/9401"}],"collection":[{"href":"https:\/\/www.tanase.md\/de\/wp-json\/wp\/v2\/pages"}],"about":[{"href":"https:\/\/www.tanase.md\/de\/wp-json\/wp\/v2\/types\/page"}],"author":[{"embeddable":true,"href":"https:\/\/www.tanase.md\/de\/wp-json\/wp\/v2\/users\/1"}],"replies":[{"embeddable":true,"href":"https:\/\/www.tanase.md\/de\/wp-json\/wp\/v2\/comments?post=9401"}],"version-history":[{"count":3,"href":"https:\/\/www.tanase.md\/de\/wp-json\/wp\/v2\/pages\/9401\/revisions"}],"predecessor-version":[{"id":9405,"href":"https:\/\/www.tanase.md\/de\/wp-json\/wp\/v2\/pages\/9401\/revisions\/9405"}],"wp:attachment":[{"href":"https:\/\/www.tanase.md\/de\/wp-json\/wp\/v2\/media?parent=9401"}],"curies":[{"name":"wp","href":"https:\/\/api.w.org\/{rel}","templated":true}]}}